{"id":1685,"date":"2023-03-23T14:17:37","date_gmt":"2023-03-23T14:17:37","guid":{"rendered":"https:\/\/www.assemblee-des-imaginaires.org\/?page_id=1685"},"modified":"2024-07-03T14:32:39","modified_gmt":"2024-07-03T14:32:39","slug":"politique-des-cookies","status":"publish","type":"page","link":"https:\/\/www.assemblee-des-imaginaires.org\/en\/politique-des-cookies\/","title":{"rendered":"Politique des cookies"},"content":{"rendered":"\t\t<div data-elementor-type=\"wp-page\" data-elementor-id=\"1685\" class=\"elementor elementor-1685\" data-elementor-post-type=\"page\">\n\t\t\t\t\t\t<section class=\"elementor-section elementor-top-section elementor-element elementor-element-f7cfdc6 elementor-section-boxed elementor-section-height-default elementor-section-height-default\" data-id=\"f7cfdc6\" data-element_type=\"section\" data-e-type=\"section\" data-settings=\"{&quot;background_background&quot;:&quot;classic&quot;}\">\n\t\t\t\t\t\t<div class=\"elementor-container elementor-column-gap-default\">\n\t\t\t\t\t<div class=\"elementor-column elementor-col-100 elementor-top-column elementor-element elementor-element-09dd62a\" data-id=\"09dd62a\" data-element_type=\"column\" data-e-type=\"column\">\n\t\t\t<div class=\"elementor-widget-wrap elementor-element-populated\">\n\t\t\t\t\t\t<div class=\"elementor-element elementor-element-7f3c290 elementor-widget elementor-widget-heading\" data-id=\"7f3c290\" data-element_type=\"widget\" data-e-type=\"widget\" data-widget_type=\"heading.default\">\n\t\t\t\t<div class=\"elementor-widget-container\">\n\t\t\t\t\t<h1 class=\"elementor-heading-title elementor-size-default\">Politique de cookies<\/h1>\t\t\t\t<\/div>\n\t\t\t\t<\/div>\n\t\t\t\t\t<\/div>\n\t\t<\/div>\n\t\t\t\t\t<\/div>\n\t\t<\/section>\n\t\t\t\t<section class=\"elementor-section elementor-top-section elementor-element elementor-element-8489c2e elementor-section-boxed elementor-section-height-default elementor-section-height-default\" data-id=\"8489c2e\" data-element_type=\"section\" data-e-type=\"section\">\n\t\t\t\t\t\t<div class=\"elementor-container elementor-column-gap-default\">\n\t\t\t\t\t<div class=\"elementor-column elementor-col-100 elementor-top-column elementor-element elementor-element-7e9b40e\" data-id=\"7e9b40e\" data-element_type=\"column\" data-e-type=\"column\">\n\t\t\t<div class=\"elementor-widget-wrap elementor-element-populated\">\n\t\t\t\t\t\t<div class=\"elementor-element elementor-element-d329c65 elementor-widget elementor-widget-text-editor\" data-id=\"d329c65\" data-element_type=\"widget\" data-e-type=\"widget\" data-widget_type=\"text-editor.default\">\n\t\t\t\t<div class=\"elementor-widget-container\">\n\t\t\t\t\t\t\t\t\t<p><span style=\"font-weight: 400;\">La pr\u00e9sente politique est applicable lors de la consultation du site Internet https:\/\/www.assemblee-des-imaginaires.org\/ (ci-apr\u00e8s \u00ab <\/span><b>Site<\/b><span style=\"font-weight: 400;\"> \u00bb), d\u00e9tenu et contr\u00f4l\u00e9 par <strong>YoZo\u0178<\/strong>, responsable de traitement, dont le si\u00e8ge social est situ\u00e9 au 35, boulevard de la Villette 75010 Paris<\/span><\/p><p><span style=\"font-weight: 400;\">Cette politique a pour objet de vous informer\u00a0:\u00a0<\/span><\/p><p><span style=\"font-weight: 400;\">(i)\u00a0 sur la nature et le fonctionnement des cookies utilis\u00e9s dans le cadre de votre navigation sur le Site et ;\u00a0<\/span><\/p><p><span style=\"font-weight: 400;\">(ii) sur les m\u00e9canismes de param\u00e9trage de vos choix\/pr\u00e9f\u00e9rences.<\/span><\/p><ul><li aria-level=\"1\"><b>Qu\u2019est-ce qu\u2019un cookie\u00a0?<\/b><\/li><\/ul><p><span style=\"font-weight: 400;\">Les cookies, ou t\u00e9moins de connexion, sont des petits fichiers textes d\u00e9pos\u00e9s sur votre terminal (ordinateur, smartphone ou tablette) (ci-apr\u00e8s \u00ab\u00a0<\/span><b>Appareil<\/b><span style=\"font-weight: 400;\">\u00a0\u00bb) \u00e0 l\u2019occasion de la consultation de notre Site.\u00a0\u00a0<\/span><\/p><p><span style=\"font-weight: 400;\">Certains cookies sont indispensables \u00e0 l\u2019utilisation du Site, d\u2019autres permettent d\u2019optimiser et de personnaliser les contenus affich\u00e9s.<\/span><\/p><ul><li aria-level=\"1\"><b>Quelles donn\u00e9es de navigation sont collect\u00e9es via les cookies\u00a0?<\/b><\/li><\/ul><p><span style=\"font-weight: 400;\">Les donn\u00e9es de navigation qui peuvent \u00eatre collect\u00e9es <\/span><i><span style=\"font-weight: 400;\">via<\/span><\/i><span style=\"font-weight: 400;\"> les cookies sont\u00a0:\u00a0<\/span><\/p><ul><li style=\"font-weight: 400;\" aria-level=\"1\"><span style=\"font-weight: 400;\">L\u2019adresse IP de votre Appareil\u00a0;<\/span><\/li><li style=\"font-weight: 400;\" aria-level=\"1\"><span style=\"font-weight: 400;\">La date, l\u2019heure et la dur\u00e9e de connexion d\u2019un terminal\u00a0;<\/span><\/li><li style=\"font-weight: 400;\" aria-level=\"1\"><span style=\"font-weight: 400;\">Le type de syst\u00e8me d\u2019exploitation du terminal\u00a0;\u00a0<\/span><\/li><li style=\"font-weight: 400;\" aria-level=\"1\"><span style=\"font-weight: 400;\">La marque et le mod\u00e8le de votre Appareil\u00a0;<\/span><\/li><li style=\"font-weight: 400;\" aria-level=\"1\"><span style=\"font-weight: 400;\">La langue d\u2019utilisation du logiciel de navigation de votre Appareil.<\/span><\/li><\/ul><ul><li aria-level=\"1\"><b>\u00a0\u00a0A quoi servent les cookies utilis\u00e9s sur le site\u00a0?<\/b><\/li><\/ul><p><span style=\"font-weight: 400;\">Lors de la navigation sur notre Site, nous sommes susceptibles, sous r\u00e9serve de vos choix, d\u2019\u00eatre amen\u00e9s \u00e0 installer diff\u00e9rents types de cookies dans votre Appareil. Certains des cookies ont pour finalit\u00e9 exclusive d\u2019assurer la communication par voie \u00e9lectronique (ex\u00a0: fonctionnalit\u00e9s de navigation, s\u00e9curit\u00e9 du Site, d\u00e9tection des erreurs de connexion\u2026). Sans ces cookies, le Site ne peut fonctionner. D\u2019autres cookies sont strictement n\u00e9cessaires \u00e0 la fourniture de services de communication en ligne fournis \u00e0 votre demande expresse (pr\u00e9f\u00e9rences linguistiques, m\u00e9morisation des informations renseign\u00e9es dans des formulaires\u2026). D\u2019autres encore sont utilis\u00e9s dans le but d\u2019analyser la fr\u00e9quentation et l\u2019utilisation du Site, afin d\u2019am\u00e9liorer votre exp\u00e9rience de navigation ou de rendre le Site plus interactif.\u00a0<\/span><\/p><p><span style=\"font-weight: 400;\">Avant de naviguer sur le Site, vous devez accepter ou refuser les cookies. Le recueil de votre consentement vaut pour tous les cookies, \u00e0 l\u2019exception de ceux qui sont indispensables au fonctionnement du Site.\u00a0<\/span><\/p><p><span style=\"font-weight: 400;\">En dehors de cette hypoth\u00e8se, il vous est loisible \u00e0 tout moment de modifier vos choix en mati\u00e8re de cookies, voire de supprimer les cookies de votre Appareil.<\/span><\/p><p><span style=\"font-weight: 400;\">Les cookies que nous \u00e9mettons sont utilis\u00e9s aux fins d\u00e9crites ci-dessous qui r\u00e9sultent des param\u00e8tres que vous aurez renseign\u00e9s lors de votre visite et que vous pouvez modifier \u00e0 tout moment dans les conditions pr\u00e9cis\u00e9es par la pr\u00e9sente politique.<\/span><\/p><ul><li aria-level=\"1\"><b>Quels sont les cookies d\u00e9pos\u00e9s par la soci\u00e9t\u00e9 <strong>YoZo\u0178 <\/strong>?<\/b><\/li><\/ul><p><b><\/b><br \/><b><\/b><\/p><ul><li aria-level=\"1\"><b>Les cookies indispensables au fonctionnement du Site<\/b><\/li><\/ul><p><span style=\"font-weight: 400;\">Les cookies indispensables \u00e0 la navigation sur notre Site (par exemple\u00a0: identifiant de session) sont destin\u00e9s \u00e0 vous permettre d\u2019en utiliser les fonctionnalit\u00e9s et de s\u00e9curiser votre connexion. Par cons\u00e9quent, si vous vous opposez au d\u00e9p\u00f4t de ces cookies, vous ne serez en mesure ni de naviguer sur le Site, ni de b\u00e9n\u00e9ficier des fonctionnalit\u00e9s de ce dernier.\u00a0<\/span><\/p><p><span style=\"font-weight: 400;\">Ces cookies sont exclusivement d\u00e9pos\u00e9s par la soci\u00e9t\u00e9 YoZo\u0178 et permettent en particulier :\u00a0<\/span><\/p><ul><li style=\"font-weight: 400;\" aria-level=\"1\"><span style=\"font-weight: 400;\">de mettre en \u0153uvre les mesures de s\u00e9curit\u00e9 du Site, par exemple lorsqu\u2019il vous est demand\u00e9 de vous connecter \u00e0 nouveau \u00e0 un contenu ou \u00e0 un service apr\u00e8s un certain temps ;<\/span><\/li><li style=\"font-weight: 400;\" aria-level=\"1\"><span style=\"font-weight: 400;\">de vous permettre d\u2019acc\u00e9der \u00e0 des espaces r\u00e9serv\u00e9s et personnels de notre Site, tels que votre compte, gr\u00e2ce \u00e0 des identifiants ou des donn\u00e9es que vous nous avez ant\u00e9rieurement confi\u00e9s ;<\/span><\/li><li style=\"font-weight: 400;\" aria-level=\"1\"><span style=\"font-weight: 400;\">de m\u00e9moriser des informations relatives \u00e0 un formulaire que vous avez rempli sur notre Site (par exemple, l\u2019inscription ou l\u2019acc\u00e8s \u00e0 votre compte) ou des donn\u00e9es relatives \u00e0 des produits, services ou informations que vous avez choisis sur notre Site ;<\/span><\/li><li style=\"font-weight: 400;\" aria-level=\"1\"><span style=\"font-weight: 400;\">d&rsquo;adapter la pr\u00e9sentation de notre Site aux pr\u00e9f\u00e9rences d&rsquo;affichage de votre Appareil (langue , r\u00e9solution d&rsquo;affichage, syst\u00e8me d&rsquo;exploitation, etc.) lors de vos visites sur notre Site, selon les mat\u00e9riels et les logiciels de visualisation ou de lecture que votre Appareil comporte.<\/span><\/li><\/ul><ul><li aria-level=\"1\"><b>Les cookies analytiques \/ de performance\u00a0<\/b><\/li><\/ul><p><span style=\"font-weight: 400;\">Ces cookies nous permettent de conna\u00eetre l\u2019utilisation et les performances du Site, d\u2019\u00e9tablir des statistiques, des volumes de fr\u00e9quentation et d\u2019utilisation de divers \u00e9l\u00e9ments (contenus visit\u00e9s, parcours etc.) aux fins d\u2019am\u00e9liorer votre exp\u00e9rience de navigation.<\/span><\/p><p><span style=\"font-weight: 400;\">Le d\u00e9p\u00f4t de ces cookies sur votre Appareil est subordonn\u00e9 \u00e0 votre consentement sp\u00e9cifique et explicite.\u00a0<\/span><\/p><p><span style=\"font-weight: 400;\">Ces cookies analytiques \/ de performance du Site sont d\u00e9pos\u00e9s par la soci\u00e9t\u00e9 <strong>YoZo\u0178 <\/strong>et Google Analytics.<\/span><\/p><p><span style=\"font-weight: 400;\">Vous pouvez \u00e0 tout moment param\u00e9trer ces cookies pour les accepter ou les refuser sur la page [https:\/\/www.assemblee-des-imaginaires.org\/].<\/span><\/p><p><span style=\"font-weight: 400;\">Le fait de refuser la mise en \u0153uvre de tels cookies ou de les supprimer n&rsquo;a pas d&rsquo;incidence sur votre navigation sur le Site, mais est de nature \u00e0 nous emp\u00eacher de fournir la meilleure qualit\u00e9 de services que nous souhaitons offrir \u00e0 nos visiteurs.\u00a0<\/span><\/p><ul><li aria-level=\"1\"><b>Comment g\u00e9rer vos cookies\u00a0?<\/b><\/li><\/ul><p><b><\/b><br \/><b><\/b><\/p><ul><li aria-level=\"1\"><b>G\u00e9rer vos cookies en acc\u00e9dant \u00e0 notre plateforme de gestion des consentements cookies<\/b><\/li><\/ul><p><span style=\"font-weight: 400;\">Notre Site vous permet de param\u00e9trer les cookies d\u00e9pos\u00e9s sur le Site <\/span><i><span style=\"font-weight: 400;\">via <\/span><\/i><span style=\"font-weight: 400;\">l\u2019interface accessible directement dans le bandeau cookie lors de la premi\u00e8re connexion en cliquant ici https:\/\/www.assemblee-des-imaginaires.org\/.<\/span><\/p><p><span style=\"font-weight: 400;\">Une fois la dur\u00e9e de conservation termin\u00e9e ou en cas de retrait de votre consentement les donn\u00e9es collect\u00e9es via les cookies seront supprim\u00e9es de nos bases de donn\u00e9es.<\/span><\/p><ul><li aria-level=\"1\"><b>Opposition au d\u00e9p\u00f4t de cookies<\/b><\/li><\/ul><p><span style=\"font-weight: 400;\">Vous pouvez \u00e0 tout moment vous opposer au d\u00e9p\u00f4t de cookies.<\/span><\/p><p><span style=\"font-weight: 400;\">Toutefois, nous tenons \u00e0 vous informer que le rejet de tout ou partie des cookies peut vous emp\u00eacher de profiter pleinement des fonctionnalit\u00e9s de notre Site (par exemple, les param\u00e8tres de langues et d\u2019affichage). Nous d\u00e9clinons donc toute responsabilit\u00e9 pour les cons\u00e9quences li\u00e9es aux \u00e9ventuels dysfonctionnements de nos services r\u00e9sultant de l\u2019impossibilit\u00e9 pour nous d\u2019enregistrer ou de consulter les cookies que vous auriez refus\u00e9s ou supprim\u00e9s.<\/span><\/p><ul><li aria-level=\"1\"><b>Configuration de votre logiciel de navigation\u00a0<\/b><\/li><\/ul><p><span style=\"font-weight: 400;\">Vous avez la possibilit\u00e9 de configurer votre navigateur afin de d\u00e9sactiver le d\u00e9p\u00f4t de cookies. La configuration de chaque navigateur est diff\u00e9rente. Pour vous aider, vous pouvez consulter la page d\u2019aide sp\u00e9cifique au navigateur que vous utilisez\u00a0:<\/span><\/p><ul><li style=\"font-weight: 400;\" aria-level=\"1\"><a href=\"https:\/\/windows.microsoft.com\/fr-FR\/windows-vista\/Block-or-allow-cookies\"><span style=\"font-weight: 400;\">Pour Internet Explorer\u2122<\/span><\/a><\/li><li style=\"font-weight: 400;\" aria-level=\"1\"><a href=\"https:\/\/support.apple.com\/kb\/PH19214?locale=fr_FR&amp;viewlocale=fr_FR\"><span style=\"font-weight: 400;\">Pour Safari\u2122<\/span><\/a><\/li><li style=\"font-weight: 400;\" aria-level=\"1\"><a href=\"https:\/\/support.google.com\/chrome\/bin\/answer.py?hl=fr&amp;hlrm=en&amp;answer=95647\"><span style=\"font-weight: 400;\">Pour Chrome\u2122<\/span><\/a><\/li><li style=\"font-weight: 400;\" aria-level=\"1\"><a href=\"https:\/\/support.mozilla.org\/fr\/kb\/Activer%20et%20d%C3%A9sactiver%20les%20cookies\"><span style=\"font-weight: 400;\">Pour Firefox\u2122<\/span><\/a><\/li><li style=\"font-weight: 400;\" aria-level=\"1\"><a href=\"http:\/\/help.opera.com\/Windows\/10.20\/fr\/cookies.html\"><span style=\"font-weight: 400;\">Pour Opera\u2122<\/span><\/a><\/li><li style=\"font-weight: 400;\" aria-level=\"1\"><a href=\"https:\/\/support.apple.com\/fr-fr\/HT201265\"><span style=\"font-weight: 400;\">Pour IOS\u2122<\/span><\/a><\/li><\/ul><ul><li aria-level=\"1\"><b>Pour plus d\u2019informations sur les cookies<\/b><\/li><\/ul><p><span style=\"font-weight: 400;\">Pour une meilleure connaissance des cookies de toute origine, nous vous invitons \u00e0 consulter le site\u00a0<\/span><a href=\"http:\/\/www.youronlinechoices.com\/fr\/controler-ses-cookies\/\"><span style=\"font-weight: 400;\">Youronlinechoices<\/span><\/a><span style=\"font-weight: 400;\">, \u00e9dit\u00e9 par l\u2019<\/span><i><span style=\"font-weight: 400;\">Interactive Advertising Bureau <\/span><\/i><span style=\"font-weight: 400;\">France (vous pouvez \u00e9galement vous rendre sur le site de la CNIL, \u00e0 cette adresse : <\/span><a href=\"https:\/\/www.cnil.fr\/fr\/cookies-les-outils-pour-les-maitriser\"><span style=\"font-weight: 400;\">https:\/\/www.cnil.fr\/fr\/cookies-les-outils-pour-les-maitriser<\/span><\/a><span style=\"font-weight: 400;\">).<\/span><\/p>\t\t\t\t\t\t\t\t<\/div>\n\t\t\t\t<\/div>\n\t\t\t\t\t<\/div>\n\t\t<\/div>\n\t\t\t\t\t<\/div>\n\t\t<\/section>\n\t\t\t\t<\/div>\n\t\t","protected":false},"excerpt":{"rendered":"<p>Politique de cookies La pr\u00e9sente politique est applicable lors de la consultation du site Internet https:\/\/www.assemblee-des-imaginaires.org\/ (ci-apr\u00e8s \u00ab Site \u00bb), d\u00e9tenu et contr\u00f4l\u00e9 par YoZo\u0178, responsable de traitement, dont le si\u00e8ge social est situ\u00e9 au 35, boulevard de la Villette 75010 Paris Cette politique a pour objet de vous informer\u00a0:\u00a0 (i)\u00a0 sur la nature et [&hellip;]<\/p>\n","protected":false},"author":11,"featured_media":0,"parent":0,"menu_order":0,"comment_status":"closed","ping_status":"closed","template":"","meta":{"inline_featured_image":false,"footnotes":""},"class_list":["post-1685","page","type-page","status-publish","hentry"],"_links":{"self":[{"href":"https:\/\/www.assemblee-des-imaginaires.org\/en\/wp-json\/wp\/v2\/pages\/1685","targetHints":{"allow":["GET"]}}],"collection":[{"href":"https:\/\/www.assemblee-des-imaginaires.org\/en\/wp-json\/wp\/v2\/pages"}],"about":[{"href":"https:\/\/www.assemblee-des-imaginaires.org\/en\/wp-json\/wp\/v2\/types\/page"}],"author":[{"embeddable":true,"href":"https:\/\/www.assemblee-des-imaginaires.org\/en\/wp-json\/wp\/v2\/users\/11"}],"replies":[{"embeddable":true,"href":"https:\/\/www.assemblee-des-imaginaires.org\/en\/wp-json\/wp\/v2\/comments?post=1685"}],"version-history":[{"count":13,"href":"https:\/\/www.assemblee-des-imaginaires.org\/en\/wp-json\/wp\/v2\/pages\/1685\/revisions"}],"predecessor-version":[{"id":2302,"href":"https:\/\/www.assemblee-des-imaginaires.org\/en\/wp-json\/wp\/v2\/pages\/1685\/revisions\/2302"}],"wp:attachment":[{"href":"https:\/\/www.assemblee-des-imaginaires.org\/en\/wp-json\/wp\/v2\/media?parent=1685"}],"curies":[{"name":"wp","href":"https:\/\/api.w.org\/{rel}","templated":true}]}}