{"id":1274,"date":"2021-02-05T15:34:50","date_gmt":"2021-02-05T15:34:50","guid":{"rendered":"https:\/\/www.assemblee-des-imaginaires.org\/?page_id=1274"},"modified":"2024-07-15T08:45:38","modified_gmt":"2024-07-15T08:45:38","slug":"mentions-legales","status":"publish","type":"page","link":"https:\/\/www.assemblee-des-imaginaires.org\/en\/mentions-legales\/","title":{"rendered":"Mentions l\u00e9gales"},"content":{"rendered":"<div data-elementor-type=\"wp-page\" data-elementor-id=\"1274\" class=\"elementor elementor-1274\" data-elementor-post-type=\"page\">\n\t\t\t\t\t\t<section class=\"elementor-section elementor-top-section elementor-element elementor-element-3cee95c1 elementor-section-boxed elementor-section-height-default elementor-section-height-default\" data-id=\"3cee95c1\" data-element_type=\"section\" data-e-type=\"section\" data-settings=\"{&quot;background_background&quot;:&quot;classic&quot;}\">\n\t\t\t\t\t\t<div class=\"elementor-container elementor-column-gap-default\">\n\t\t\t\t\t<div class=\"elementor-column elementor-col-100 elementor-top-column elementor-element elementor-element-208b6738\" data-id=\"208b6738\" data-element_type=\"column\" data-e-type=\"column\">\n\t\t\t<div class=\"elementor-widget-wrap elementor-element-populated\">\n\t\t\t\t\t\t<div class=\"elementor-element elementor-element-abc67ef elementor-widget elementor-widget-heading\" data-id=\"abc67ef\" data-element_type=\"widget\" data-e-type=\"widget\" data-widget_type=\"heading.default\">\n\t\t\t\t<div class=\"elementor-widget-container\">\n\t\t\t\t\t<h1 class=\"elementor-heading-title elementor-size-default\">Mentions L\u00e9gales<\/h1>\t\t\t\t<\/div>\n\t\t\t\t<\/div>\n\t\t\t\t\t<\/div>\n\t\t<\/div>\n\t\t\t\t\t<\/div>\n\t\t<\/section>\n\t\t\t\t<section class=\"elementor-section elementor-top-section elementor-element elementor-element-dd3378e elementor-section-boxed elementor-section-height-default elementor-section-height-default\" data-id=\"dd3378e\" data-element_type=\"section\" data-e-type=\"section\">\n\t\t\t\t\t\t<div class=\"elementor-container elementor-column-gap-default\">\n\t\t\t\t\t<div class=\"elementor-column elementor-col-100 elementor-top-column elementor-element elementor-element-728a7dcb\" data-id=\"728a7dcb\" data-element_type=\"column\" data-e-type=\"column\">\n\t\t\t<div class=\"elementor-widget-wrap elementor-element-populated\">\n\t\t\t\t\t\t<div class=\"elementor-element elementor-element-18ee238 elementor-widget elementor-widget-text-editor\" data-id=\"18ee238\" data-element_type=\"widget\" data-e-type=\"widget\" data-widget_type=\"text-editor.default\">\n\t\t\t\t<div class=\"elementor-widget-container\">\n\t\t\t\t\t\t\t\t\t<p><b>RESPONSABLE DE LA PUBLICATION<\/b><\/p><p><strong>Val\u00e9rie Zoydo<\/strong><\/p><p><b>HEBERGEMENT<\/b><\/p><p><span style=\"font-weight: 400;\">Assur\u00e9 par OVH\u00a0<span class=\"ILfuVd\"><span class=\"hgKElc\">2\u00a0<b>rue Kellermann<\/b>\u00a0\u2013 BP 80157 59053 ROUBAIX CEDEX 1<\/span><\/span><\/span><\/p><p><span style=\"font-weight: 400;\">France<\/span><\/p><p><b>CONCEPTION ET REALISATION DU SITE<\/b><\/p><p><a href=\"http:\/\/bluenove.com\/\"><span style=\"font-weight: 400;\">bluenove<\/span><span style=\"font-weight: 400;\"><br \/><\/span><\/a><span style=\"font-weight: 400;\">112 Ter Rue Cardinet \u2013 75017 Paris<\/span><span style=\"font-weight: 400;\"><br \/><\/span><span style=\"font-weight: 400;\">France<\/span><\/p><p><b>PROPRI\u00c9T\u00c9 INDUSTRIELLE ET INTELLECTUELLE :<\/b><\/p><p><span style=\"font-weight: 400;\">Toutes les informations reproduites dans ce site web (textes, photos, logos\u2026) sont prot\u00e9g\u00e9es par des droits de propri\u00e9t\u00e9 intellectuelle d\u00e9tenus par YoZo\u0178.<\/span><span style=\"font-weight: 400;\"><br \/><\/span><span style=\"font-weight: 400;\">Par cons\u00e9quent, aucune de ces informations ne peut \u00eatre reproduite, modifi\u00e9e, rediffus\u00e9e, traduite, exploit\u00e9e commercialement ou r\u00e9utilis\u00e9e de quelque mani\u00e8re que ce soit sans l\u2019accord pr\u00e9alable et \u00e9crit de YoZo\u0178.<\/span><span style=\"font-weight: 400;\"><br \/><\/span><span style=\"font-weight: 400;\">Le titre, la conception, la forme du site https:\/\/www.assemblee-des-imaginaires.org\/ mais aussi son contenu tels que les actualit\u00e9s, descriptions, illustrations et images originales et leur organisation, ainsi que toute compilation de logiciels, code source fondamental et autres \u00e9l\u00e9ments contenus sur le site sont la propri\u00e9t\u00e9 de YoZo\u0178.<\/span><\/p><p><b>LES ENGAGEMENTS<\/b><\/p><p><span style=\"font-weight: 400;\">L\u2019\u00e9dition d\u2019informations en ligne ob\u00e9it aux m\u00eames r\u00e8gles l\u00e9gales que l\u2019\u00e9dition traditionnelle. Le lecteur est autoris\u00e9 \u00e0 imprimer tout ou partie du contenu propos\u00e9 sur le site pour son usage strictement personnel. En aucun cas, YoZo\u0178 ne sera tenue responsable des dommages directs ou indirects r\u00e9sultant de l\u2019usage de son site web ou d\u2019autres qui lui sont li\u00e9s.<\/span><\/p><p><span style=\"font-weight: 400;\">L\u2019utilisateur du site, s\u2019engage pour sa part, \u00e0 respecter les r\u00e8gles de propri\u00e9t\u00e9 intellectuelle des divers contenus propos\u00e9s sur le site, c\u2019est-\u00e0-dire \u00e0 ne pas recopier tout ou partie du site sur un autre site ou un r\u00e9seau interne d\u2019entreprise. L\u2019internaute est seul responsable de l\u2019utilisation qu\u2019il peut faire des informations et donn\u00e9es contenues sur ce site. La violation de ces dispositions imp\u00e9ratives soumet le contrevenant, et toute personne responsable, aux peines p\u00e9nales et civiles pr\u00e9vues par la loi.<\/span><\/p><p><span style=\"font-weight: 400;\">Tout acc\u00e8s \u00e0 un espace r\u00e9serv\u00e9 par un utilisateur ne disposant pas des droits n\u00e9cessaires sera consid\u00e9r\u00e9 comme un acc\u00e8s frauduleux au sens des dispositions du Code p\u00e9nal.<\/span><\/p><p><b>LIMITATION DE RESPONSABILITE<\/b><\/p><p><span style=\"font-weight: 400;\">Ce site permet la diffusion de commentaires par les utilisateurs et l\u2019interpellation de tiers. Il appartient \u00e0 l\u2019internaute de diffuser ces informations avec discernement et esprit critique. Les responsabilit\u00e9s de YoZo\u0178 ne sauraient \u00eatre engag\u00e9es du fait d\u2019informations, opinions et recommandations formul\u00e9es par des tiers.<\/span><\/p>\t\t\t\t\t\t\t\t<\/div>\n\t\t\t\t<\/div>\n\t\t\t\t\t<\/div>\n\t\t<\/div>\n\t\t\t\t\t<\/div>\n\t\t<\/section>\n\t\t\t\t<\/div>","protected":false},"excerpt":{"rendered":"<p>Mentions L\u00e9gales RESPONSABLE DE LA PUBLICATION Val\u00e9rie Zoydo HEBERGEMENT Assur\u00e9 par OVH\u00a02\u00a0rue Kellermann\u00a0\u2013 BP 80157 59053 ROUBAIX CEDEX 1 France CONCEPTION ET REALISATION DU SITE bluenove112 Ter Rue Cardinet \u2013 75017 ParisFrance PROPRI\u00c9T\u00c9 INDUSTRIELLE ET INTELLECTUELLE : Toutes les informations reproduites dans ce site web (textes, photos, logos\u2026) sont prot\u00e9g\u00e9es par des droits de propri\u00e9t\u00e9 [&hellip;]<\/p>\n","protected":false},"author":0,"featured_media":0,"parent":0,"menu_order":0,"comment_status":"closed","ping_status":"closed","template":"","meta":{"inline_featured_image":false,"footnotes":""},"class_list":["post-1274","page","type-page","status-publish","hentry"],"_links":{"self":[{"href":"https:\/\/www.assemblee-des-imaginaires.org\/en\/wp-json\/wp\/v2\/pages\/1274","targetHints":{"allow":["GET"]}}],"collection":[{"href":"https:\/\/www.assemblee-des-imaginaires.org\/en\/wp-json\/wp\/v2\/pages"}],"about":[{"href":"https:\/\/www.assemblee-des-imaginaires.org\/en\/wp-json\/wp\/v2\/types\/page"}],"replies":[{"embeddable":true,"href":"https:\/\/www.assemblee-des-imaginaires.org\/en\/wp-json\/wp\/v2\/comments?post=1274"}],"version-history":[{"count":30,"href":"https:\/\/www.assemblee-des-imaginaires.org\/en\/wp-json\/wp\/v2\/pages\/1274\/revisions"}],"predecessor-version":[{"id":2357,"href":"https:\/\/www.assemblee-des-imaginaires.org\/en\/wp-json\/wp\/v2\/pages\/1274\/revisions\/2357"}],"wp:attachment":[{"href":"https:\/\/www.assemblee-des-imaginaires.org\/en\/wp-json\/wp\/v2\/media?parent=1274"}],"curies":[{"name":"wp","href":"https:\/\/api.w.org\/{rel}","templated":true}]}}